{"id":519,"date":"2012-11-28T18:57:47","date_gmt":"2012-11-28T17:57:47","guid":{"rendered":"http:\/\/wordpress.naum-ev.de\/?page_id=519"},"modified":"2012-11-28T19:14:21","modified_gmt":"2012-11-28T18:14:21","slug":"die-welt","status":"publish","type":"page","link":"http:\/\/www.naum-ev.de\/?page_id=519","title":{"rendered":"Die Welt"},"content":{"rendered":"<p align=\"center\"><em><img loading=\"lazy\" decoding=\"async\" class=\"alignleft\" title=\"schwarzer schwan\" src=\"http:\/\/wordpress.naum-ev.de\/wp-content\/uploads\/2012\/10\/schwarzer-schwan-300x238.jpg\" alt=\"\" width=\"238\" height=\"192\" \/><\/em><span style=\"color: #0000ff;\"><em>Was kann die Welt mir wohl gew\u00e4hren?<\/em><\/span><br \/>\n<span style=\"color: #0000ff;\"> <em>Entbehren sollst du! sollst entbehren!<br \/>\nDas i<\/em><em>st der<\/em><em> ewige Gesang,<br \/>\nDer jedem an die Ohren klingt,<br \/>\nDen, unser ganzes Leben lang,<br \/>\n<\/em><em>Uns heiser jede Stunde singt.<br \/>\n(Faust zu Mephisto)<\/em><\/span><\/p>\n<p>&nbsp;<\/p>\n<p style=\"text-align: center;\">So wie Goethe seinen alten Faust jammern l\u00e4sst, k\u00f6nnen auch wir \u00fcber die Hoffnungslosigkeit unseres Daseins jammern.<\/p>\n<p style=\"text-align: center;\">Das ist eine M\u00f6glichkeit.<\/p>\n<p style=\"text-align: center;\">Ein Gesetz aus der Quantenphysik besagt jedoch, dass es immer unendlich viele M\u00f6glichkeiten gibt. F\u00fcr\u00a0 a l l e s in der Welt.<br \/>\nWenn nun unser Dasein von zerst\u00f6rter Umwelt, Krankheit und sinnentleerter Arbeit bestimmt wird, dann ist das nur e i n e von unendlich vielen Formen unser Leben zu leben.<\/p>\n<p style=\"text-align: center;\">Alternativlosigkeit gibt es n\u00e4mlich nur in unserem Bewusstsein. Denn, <span style=\"color: #0000ff;\">\u201ealles, was wir wissen, wissen wir doch nur durch unser Bewusstsein.\u201c<\/span> (George Orwell, \u201e1984\u201c).<\/p>\n<p style=\"text-align: center;\"><span style=\"color: #333333;\">\u00d6ffnen wir also unser Bewu\u00dftsein f\u00fcr die Vielfalt unserer M\u00f6glichkeiten.<\/span><\/p>\n<p style=\"text-align: center;\"><strong><a title=\"Probleme?\" href=\"http:\/\/wordpress.naum-ev.de\/probleme\/\">In jeder Situation.<\/a>\u00a0<\/strong><\/p>\n<p style=\"text-align: center;\"><strong><\/strong><img loading=\"lazy\" decoding=\"async\" title=\"Blick auf Schutzh\u00fclle der Erde\" src=\"http:\/\/wordpress.naum-ev.de\/wp-content\/uploads\/2012\/10\/Blick-auf-Schutzh\u00fclle-der-Erde1.jpg\" alt=\"\" width=\"444\" height=\"283\" \/><\/p>\n<p style=\"text-align: center;\">\n","protected":false},"excerpt":{"rendered":"<p>Was kann die Welt mir wohl gew\u00e4hren? Entbehren sollst du! sollst entbehren! Das ist der ewige Gesang, Der jedem an die Ohren klingt, Den, unser ganzes Leben lang, Uns heiser jede Stunde singt. (Faust zu Mephisto) &nbsp; So wie Goethe &hellip; <a href=\"http:\/\/www.naum-ev.de\/?page_id=519\">Weiterlesen <span class=\"meta-nav\">&rarr;<\/span><\/a><\/p>\n","protected":false},"author":1,"featured_media":0,"parent":0,"menu_order":1,"comment_status":"closed","ping_status":"closed","template":"","meta":{"footnotes":""},"class_list":["post-519","page","type-page","status-publish","hentry"],"_links":{"self":[{"href":"http:\/\/www.naum-ev.de\/index.php?rest_route=\/wp\/v2\/pages\/519","targetHints":{"allow":["GET"]}}],"collection":[{"href":"http:\/\/www.naum-ev.de\/index.php?rest_route=\/wp\/v2\/pages"}],"about":[{"href":"http:\/\/www.naum-ev.de\/index.php?rest_route=\/wp\/v2\/types\/page"}],"author":[{"embeddable":true,"href":"http:\/\/www.naum-ev.de\/index.php?rest_route=\/wp\/v2\/users\/1"}],"replies":[{"embeddable":true,"href":"http:\/\/www.naum-ev.de\/index.php?rest_route=%2Fwp%2Fv2%2Fcomments&post=519"}],"version-history":[{"count":5,"href":"http:\/\/www.naum-ev.de\/index.php?rest_route=\/wp\/v2\/pages\/519\/revisions"}],"predecessor-version":[{"id":528,"href":"http:\/\/www.naum-ev.de\/index.php?rest_route=\/wp\/v2\/pages\/519\/revisions\/528"}],"wp:attachment":[{"href":"http:\/\/www.naum-ev.de\/index.php?rest_route=%2Fwp%2Fv2%2Fmedia&parent=519"}],"curies":[{"name":"wp","href":"https:\/\/api.w.org\/{rel}","templated":true}]}}