{"id":6,"date":"2012-09-04T23:02:16","date_gmt":"2012-09-04T21:02:16","guid":{"rendered":"http:\/\/naum-ev.de\/?page_id=6"},"modified":"2014-01-27T20:03:10","modified_gmt":"2014-01-27T19:03:10","slug":"satzung","status":"publish","type":"page","link":"http:\/\/www.naum-ev.de\/?page_id=6","title":{"rendered":"Satzung"},"content":{"rendered":"<p style=\"text-align: left;\"><span style=\"color: #0000ff;\">Auszug aus unserer Satzung<\/span><\/p>\n<p style=\"text-align: left;\"><span style=\"color: #0000ff;\"><strong>\u00a7 1 Name, Sitz<\/strong><\/span><br \/>\nDer Verein f\u00fchrt den Namen &#8222;Verein f\u00fcr eine nat\u00fcrliche Umwelt e.V.\u201c\u00a0 (NAUM e. V.) und hat seinen Sitz in Oldenburg.<br \/>\nDas Gesch\u00e4ftsjahr ist das Kalenderjahr.<br \/>\n<strong><\/strong><\/p>\n<p style=\"text-align: left;\"><span style=\"color: #0000ff;\"><strong>\u00a7 2 Zweck<\/strong><\/span><br \/>\nZweck des Vereins ist die F\u00f6rderung des Umweltschutzes und der Wissenschaft und Forschung. Er m\u00f6chte dazu beitragen, die Zerst\u00f6rung der nat\u00fcrlichen Lebensgrundlagen von Menschen, Tieren und Pflanzen zu verhindern. Die Verwirklichung des Satzungszwecks erfolgt \u00fcber<br \/>\n1.\u00a0\u00a0 \u00a0die Durchf\u00fchrung von Projekten zur Feststellung von Umweltbedingungen und des Zustandes der Natur (z. B. Foto- und Filmdokumentationen, Messungen)<br \/>\n2.\u00a0\u00a0 \u00a0die Verbreitung von Informationen zu Umweltbelastungen und deren gesundheitssch\u00e4digenden Auswirkungen auf Mensch und Tier<br \/>\n(z. B. mit Hilfe von \u00f6ffentlichen Vortragsveranstaltungen, Ver\u00f6ffentlichungen in den Medien, Ausstellungen, Workshops, Seminaren, Kundgebungen, Gespr\u00e4che mit Vertretern von Beh\u00f6rden und mit B\u00fcrgern). Der Verein versucht, bewusstseinsbildend im Hinblick auf die Notwendigkeit des Schutzes der Umwelt zu wirken.<br \/>\n3.\u00a0\u00a0 \u00a0die Beauftragung von Gutachten und die Vergabe von Forschungsauftr\u00e4ge an Dritte gem\u00e4\u00df \u00a7 57 Abs.1 Satz 2 Abgabenordnung.<strong><\/strong><\/p>\n<p style=\"text-align: left;\"><span style=\"color: #0000ff;\"><strong>\u00a7 3 Selbstlosigkeit<\/strong><\/span><br \/>\n(1)\u00a0\u00a0 \u00a0Der Verein ist selbstlos t\u00e4tig und verfolgt ausschlie\u00dflich und unmittelbar gemeinn\u00fctzige Zwecke in Sinne des Abschnitts \u201eSteuerbeg\u00fcnstigte Zwecke\u201c der Abgabenordnung. Er verfolgt nicht in erster Linie eigenwirtschaftliche Zwecke.<br \/>\n(2)\u00a0\u00a0 \u00a0Die Mittel des Vereins d\u00fcrfen nur f\u00fcr satzungsgem\u00e4\u00dfe Zwecke verwendet werden. Die Mitglieder erhalten keine Zuwendungen aus Mitteln des Vereins.<br \/>\n(3)\u00a0\u00a0 \u00a0Es darf keine Person durch Ausgaben, die dem Zwecke des Vereins fremd sind, oder durch unverh\u00e4ltnism\u00e4\u00dfig hohe Verg\u00fctungen beg\u00fcnstigt werden.<\/p>\n","protected":false},"excerpt":{"rendered":"<p>Auszug aus unserer Satzung \u00a7 1 Name, Sitz Der Verein f\u00fchrt den Namen &#8222;Verein f\u00fcr eine nat\u00fcrliche Umwelt e.V.\u201c\u00a0 (NAUM e. V.) und hat seinen Sitz in Oldenburg. Das Gesch\u00e4ftsjahr ist das Kalenderjahr. \u00a7 2 Zweck Zweck des Vereins ist &hellip; <a href=\"http:\/\/www.naum-ev.de\/?page_id=6\">Weiterlesen <span class=\"meta-nav\">&rarr;<\/span><\/a><\/p>\n","protected":false},"author":1,"featured_media":0,"parent":0,"menu_order":7,"comment_status":"closed","ping_status":"closed","template":"","meta":{"footnotes":""},"class_list":["post-6","page","type-page","status-publish","hentry"],"_links":{"self":[{"href":"http:\/\/www.naum-ev.de\/index.php?rest_route=\/wp\/v2\/pages\/6","targetHints":{"allow":["GET"]}}],"collection":[{"href":"http:\/\/www.naum-ev.de\/index.php?rest_route=\/wp\/v2\/pages"}],"about":[{"href":"http:\/\/www.naum-ev.de\/index.php?rest_route=\/wp\/v2\/types\/page"}],"author":[{"embeddable":true,"href":"http:\/\/www.naum-ev.de\/index.php?rest_route=\/wp\/v2\/users\/1"}],"replies":[{"embeddable":true,"href":"http:\/\/www.naum-ev.de\/index.php?rest_route=%2Fwp%2Fv2%2Fcomments&post=6"}],"version-history":[{"count":27,"href":"http:\/\/www.naum-ev.de\/index.php?rest_route=\/wp\/v2\/pages\/6\/revisions"}],"predecessor-version":[{"id":35,"href":"http:\/\/www.naum-ev.de\/index.php?rest_route=\/wp\/v2\/pages\/6\/revisions\/35"}],"wp:attachment":[{"href":"http:\/\/www.naum-ev.de\/index.php?rest_route=%2Fwp%2Fv2%2Fmedia&parent=6"}],"curies":[{"name":"wp","href":"https:\/\/api.w.org\/{rel}","templated":true}]}}